{"id":3041,"date":"2022-11-16T16:25:49","date_gmt":"2022-11-16T16:25:49","guid":{"rendered":"https:\/\/boisfrancsec.ca\/produit\/buches-ecologique\/"},"modified":"2024-10-30T11:44:50","modified_gmt":"2024-10-30T11:44:50","slug":"ecological-logs","status":"publish","type":"product","link":"https:\/\/boisfrancsec.ca\/en\/produit\/ecological-logs\/","title":{"rendered":"Ecological Logs"},"content":{"rendered":"<p>Ecological logs made from 100% bark sawdust without chemical additives &#8211; 2.5 lbs per log &#8211; sold in packs of 5<\/p>\n","protected":false},"excerpt":{"rendered":"<p>B\u00fbches \u00e9cologique compos\u00e9e \u00e0 100% de sciure d&#8217;\u00e9corces sans additifs chimiques &#8211; 2,5lbs par buche &#8211; vendu en paquet de 5<\/p>\n","protected":false},"featured_media":2772,"template":"","meta":{"_acf_changed":false},"product_brand":[],"product_cat":[125,80],"product_tag":[],"class_list":{"0":"post-3041","1":"product","2":"type-product","3":"status-publish","4":"has-post-thumbnail","6":"product_cat-fun-in-the-yard","7":"product_cat-wood","8":"pa_format-bag","10":"first","11":"instock","12":"taxable","13":"shipping-taxable","14":"purchasable","15":"product-type-simple"},"acf":[],"_links":{"self":[{"href":"https:\/\/boisfrancsec.ca\/en\/wp-json\/wp\/v2\/product\/3041","targetHints":{"allow":["GET"]}}],"collection":[{"href":"https:\/\/boisfrancsec.ca\/en\/wp-json\/wp\/v2\/product"}],"about":[{"href":"https:\/\/boisfrancsec.ca\/en\/wp-json\/wp\/v2\/types\/product"}],"wp:featuredmedia":[{"embeddable":true,"href":"https:\/\/boisfrancsec.ca\/en\/wp-json\/wp\/v2\/media\/2772"}],"wp:attachment":[{"href":"https:\/\/boisfrancsec.ca\/en\/wp-json\/wp\/v2\/media?parent=3041"}],"wp:term":[{"taxonomy":"product_brand","embeddable":true,"href":"https:\/\/boisfrancsec.ca\/en\/wp-json\/wp\/v2\/product_brand?post=3041"},{"taxonomy":"product_cat","embeddable":true,"href":"https:\/\/boisfrancsec.ca\/en\/wp-json\/wp\/v2\/product_cat?post=3041"},{"taxonomy":"product_tag","embeddable":true,"href":"https:\/\/boisfrancsec.ca\/en\/wp-json\/wp\/v2\/product_tag?post=3041"}],"curies":[{"name":"wp","href":"https:\/\/api.w.org\/{rel}","templated":true}]}}