{"id":3033,"date":"2022-11-16T16:25:55","date_gmt":"2022-11-16T16:25:55","guid":{"rendered":"https:\/\/boisfrancsec.ca\/produit\/foyer-exterieur-bfs-stainless-20-po\/"},"modified":"2024-09-30T15:24:21","modified_gmt":"2024-09-30T15:24:21","slug":"bfs-stainless-outdoor-fire-pit-20-in","status":"publish","type":"product","link":"https:\/\/boisfrancsec.ca\/en\/produit\/bfs-stainless-outdoor-fire-pit-20-in\/","title":{"rendered":"BFS Stainless Outdoor Fire Pit 20 in"},"content":{"rendered":"<p>20&#8243; diameter circular stainless steel outdoor fire pit. Product made in Quebec.<\/p>\n","protected":false},"excerpt":{"rendered":"<p>Foyer ext\u00e9rieur circulaire en acier inoxydable de 20 po de diam\u00e8tre. Produit fabriqu\u00e9 au Qu\u00e9bec.<\/p>\n","protected":false},"featured_media":2065,"template":"","meta":{"_acf_changed":false},"product_brand":[],"product_cat":[79,87,125],"product_tag":[],"class_list":{"0":"post-3033","1":"product","2":"type-product","3":"status-publish","4":"has-post-thumbnail","6":"product_cat-bfs-en","7":"product_cat-fireplaces","8":"product_cat-fun-in-the-yard","10":"first","11":"instock","12":"sale","13":"taxable","14":"shipping-taxable","15":"purchasable","16":"product-type-simple"},"acf":[],"_links":{"self":[{"href":"https:\/\/boisfrancsec.ca\/en\/wp-json\/wp\/v2\/product\/3033","targetHints":{"allow":["GET"]}}],"collection":[{"href":"https:\/\/boisfrancsec.ca\/en\/wp-json\/wp\/v2\/product"}],"about":[{"href":"https:\/\/boisfrancsec.ca\/en\/wp-json\/wp\/v2\/types\/product"}],"wp:featuredmedia":[{"embeddable":true,"href":"https:\/\/boisfrancsec.ca\/en\/wp-json\/wp\/v2\/media\/2065"}],"wp:attachment":[{"href":"https:\/\/boisfrancsec.ca\/en\/wp-json\/wp\/v2\/media?parent=3033"}],"wp:term":[{"taxonomy":"product_brand","embeddable":true,"href":"https:\/\/boisfrancsec.ca\/en\/wp-json\/wp\/v2\/product_brand?post=3033"},{"taxonomy":"product_cat","embeddable":true,"href":"https:\/\/boisfrancsec.ca\/en\/wp-json\/wp\/v2\/product_cat?post=3033"},{"taxonomy":"product_tag","embeddable":true,"href":"https:\/\/boisfrancsec.ca\/en\/wp-json\/wp\/v2\/product_tag?post=3033"}],"curies":[{"name":"wp","href":"https:\/\/api.w.org\/{rel}","templated":true}]}}