{"id":3031,"date":"2022-11-16T16:25:55","date_gmt":"2022-11-16T16:25:55","guid":{"rendered":"https:\/\/boisfrancsec.ca\/produit\/foyer-exterieur-bfs-acier-noir-29-1-2-po\/"},"modified":"2024-09-30T15:23:40","modified_gmt":"2024-09-30T15:23:40","slug":"bfs-black-steel-outdoor-fireplace-29-1-2-in","status":"publish","type":"product","link":"https:\/\/boisfrancsec.ca\/en\/produit\/bfs-black-steel-outdoor-fireplace-29-1-2-in\/","title":{"rendered":"BFS Black Steel Outdoor Fireplace 29 1\/2 in"},"content":{"rendered":"<p>29 1\/2&#8243; diameter heavy duty black steel circular outdoor fire pit. Product made in Quebec.<\/p>\n","protected":false},"excerpt":{"rendered":"<p>Foyer ext\u00e9rieur circulaire en acier robuste noir de 29 1\/2 po de diam\u00e8tre. Produit fabriqu\u00e9 au Qu\u00e9bec.<\/p>\n","protected":false},"featured_media":2057,"template":"","meta":{"_acf_changed":false},"product_brand":[],"product_cat":[79,87],"product_tag":[],"class_list":{"0":"post-3031","1":"product","2":"type-product","3":"status-publish","4":"has-post-thumbnail","6":"product_cat-bfs-en","7":"product_cat-fireplaces","9":"first","10":"instock","11":"sale","12":"taxable","13":"shipping-taxable","14":"purchasable","15":"product-type-simple"},"acf":[],"_links":{"self":[{"href":"https:\/\/boisfrancsec.ca\/en\/wp-json\/wp\/v2\/product\/3031","targetHints":{"allow":["GET"]}}],"collection":[{"href":"https:\/\/boisfrancsec.ca\/en\/wp-json\/wp\/v2\/product"}],"about":[{"href":"https:\/\/boisfrancsec.ca\/en\/wp-json\/wp\/v2\/types\/product"}],"wp:featuredmedia":[{"embeddable":true,"href":"https:\/\/boisfrancsec.ca\/en\/wp-json\/wp\/v2\/media\/2057"}],"wp:attachment":[{"href":"https:\/\/boisfrancsec.ca\/en\/wp-json\/wp\/v2\/media?parent=3031"}],"wp:term":[{"taxonomy":"product_brand","embeddable":true,"href":"https:\/\/boisfrancsec.ca\/en\/wp-json\/wp\/v2\/product_brand?post=3031"},{"taxonomy":"product_cat","embeddable":true,"href":"https:\/\/boisfrancsec.ca\/en\/wp-json\/wp\/v2\/product_cat?post=3031"},{"taxonomy":"product_tag","embeddable":true,"href":"https:\/\/boisfrancsec.ca\/en\/wp-json\/wp\/v2\/product_tag?post=3031"}],"curies":[{"name":"wp","href":"https:\/\/api.w.org\/{rel}","templated":true}]}}