{"id":3030,"date":"2022-11-16T16:25:55","date_gmt":"2022-11-16T16:25:55","guid":{"rendered":"https:\/\/boisfrancsec.ca\/produit\/foyer-exterieur-bfs-acier-noir-20-po\/"},"modified":"2024-09-30T15:23:15","modified_gmt":"2024-09-30T15:23:15","slug":"20-in-black-steel-bfs-outdoor-fire-pit","status":"publish","type":"product","link":"https:\/\/boisfrancsec.ca\/en\/produit\/20-in-black-steel-bfs-outdoor-fire-pit\/","title":{"rendered":"BFS Black Steel Outdoor Fire Pit 20 in"},"content":{"rendered":"<p>20&#8243; diameter heavy duty black steel circular outdoor fire pit. Product made in Quebec.<\/p>\n","protected":false},"excerpt":{"rendered":"<p>Foyer ext\u00e9rieur circulaire en acier robuste noir de 20 po de diam\u00e8tre. Produit fabriqu\u00e9 au Qu\u00e9bec.<\/p>\n","protected":false},"featured_media":2053,"template":"","meta":{"_acf_changed":false},"product_brand":[],"product_cat":[79,87,125],"product_tag":[],"class_list":{"0":"post-3030","1":"product","2":"type-product","3":"status-publish","4":"has-post-thumbnail","6":"product_cat-bfs-en","7":"product_cat-fireplaces","8":"product_cat-fun-in-the-yard","10":"first","11":"instock","12":"sale","13":"taxable","14":"shipping-taxable","15":"purchasable","16":"product-type-simple"},"acf":[],"_links":{"self":[{"href":"https:\/\/boisfrancsec.ca\/en\/wp-json\/wp\/v2\/product\/3030","targetHints":{"allow":["GET"]}}],"collection":[{"href":"https:\/\/boisfrancsec.ca\/en\/wp-json\/wp\/v2\/product"}],"about":[{"href":"https:\/\/boisfrancsec.ca\/en\/wp-json\/wp\/v2\/types\/product"}],"wp:featuredmedia":[{"embeddable":true,"href":"https:\/\/boisfrancsec.ca\/en\/wp-json\/wp\/v2\/media\/2053"}],"wp:attachment":[{"href":"https:\/\/boisfrancsec.ca\/en\/wp-json\/wp\/v2\/media?parent=3030"}],"wp:term":[{"taxonomy":"product_brand","embeddable":true,"href":"https:\/\/boisfrancsec.ca\/en\/wp-json\/wp\/v2\/product_brand?post=3030"},{"taxonomy":"product_cat","embeddable":true,"href":"https:\/\/boisfrancsec.ca\/en\/wp-json\/wp\/v2\/product_cat?post=3030"},{"taxonomy":"product_tag","embeddable":true,"href":"https:\/\/boisfrancsec.ca\/en\/wp-json\/wp\/v2\/product_tag?post=3030"}],"curies":[{"name":"wp","href":"https:\/\/api.w.org\/{rel}","templated":true}]}}